{"id":7748,"date":"2018-06-20T14:20:59","date_gmt":"2018-06-20T14:20:59","guid":{"rendered":"http:\/\/www.walesnationalairshow.com\/?page_id=7748"},"modified":"2026-01-23T08:46:41","modified_gmt":"2026-01-23T08:46:41","slug":"arddangosiadau-ar-y-ddaear-2","status":"publish","type":"page","link":"https:\/\/www.walesnationalairshow.com\/cy\/arddangosiadau-ar-y-ddaear-2\/","title":{"rendered":"Arddangosiadau ar y ddaear"},"content":{"rendered":"\n<p>Nid arddangosiadau acrobatig trawiadol yn yr awyr yn unig sy&#8217;n cael eu cynnig yn ystod Sioe Awyr Cymru, mae llawer o bethau difyr i deuluoedd ar y ddaear hefyd!<\/p>\n\n\n\n<p>Mae llawer i&#8217;w weld ac i&#8217;w wneud, gan gynnwys efelychwyr hedfan, ffeiriau, awyrennau ar y ddaear, cerbydau ac arddangosiadau&#8217;r lluoedd arfog a llawer mwy. Cofiwch, bydd digon o fwyd a diod ar gynnig hefyd!<\/p>\n\n\n\n<p>Bydd yr arddangosiadau ar y ddaear ar agor o 10am i 6pm ar y ddeuddydd, gallwch gyrraedd yn gynnar er mwyn osgoi&#8217;r traffig a mwynhau&#8217;r arddangosiadau cyn i&#8217;r cyffro go iawn ddechrau yn yr awyr.<\/p>\n\n\n\n<figure class=\"wp-block-image\"><img loading=\"lazy\" decoding=\"async\" width=\"800\" height=\"474\" src=\"https:\/\/www.walesnationalairshow.com\/wp-content\/uploads\/2019\/05\/ground-displays-2018.jpg\" alt=\"\" class=\"wp-image-8252\" srcset=\"https:\/\/www.walesnationalairshow.com\/wp-content\/uploads\/2019\/05\/ground-displays-2018.jpg 800w, https:\/\/www.walesnationalairshow.com\/wp-content\/uploads\/2019\/05\/ground-displays-2018-300x178.jpg 300w\" sizes=\"auto, (max-width: 800px) 100vw, 800px\" \/><\/figure>\n\n\n\n<hr class=\"wp-block-separator has-css-opacity\"\/>\n\n\n\n<p>Yn ogystal \u00e2&#8217;r ffaith y bydd Prom Abertawe&#8217;n llawn arddangosiadau a gweithgareddau gwych, bydd hyd yn oed mwy i&#8217;w weld a&#8217;i wneud ar Oystermouth Road hefyd. Bydd arddangosiadau ar y ddaear ar hyd y prom o&#8217;r Ganolfan Ddinesig i Brynmill Lane.<\/p>\n\n\n\n<figure class=\"wp-block-image\"><img loading=\"lazy\" decoding=\"async\" width=\"800\" height=\"480\" src=\"https:\/\/www.walesnationalairshow.com\/wp-content\/uploads\/2019\/05\/ground-displays-2-2018.jpg\" alt=\"\" class=\"wp-image-8255\" srcset=\"https:\/\/www.walesnationalairshow.com\/wp-content\/uploads\/2019\/05\/ground-displays-2-2018.jpg 800w, https:\/\/www.walesnationalairshow.com\/wp-content\/uploads\/2019\/05\/ground-displays-2-2018-300x180.jpg 300w\" sizes=\"auto, (max-width: 800px) 100vw, 800px\" \/><\/figure>\n\n\n\n<hr class=\"wp-block-separator has-css-opacity\"\/>\n\n\n\n<h4 class=\"wp-block-heading\"><strong>Lluniaeth<\/strong><\/h4>\n\n\n\n<p>Mae amrywiaeth eang o fwyd ar gael yn yr ardal arddangos ar y tir ar hyd Oystermouth Road, y Senotaff ac o gwmpas y Ganolfan Ddinesig. Mae&#8217;r bwyd sydd ar gael yn cynnwys seigiau canoldirol go iawn, pizzas wedi&#8217;u paratoi drwy losgi pren, bwyd barbeciw, bwyd cyfunol o Asia, bwyd stryd Indiaidd, bara naan llawn, fajitas\/tacos ffres, pysgod a sglodion traddodiadol, byrgers a thatws pob. Os oes gennych chi ddant melys, byddwch yn dwlu ar yr hufen i\u00e2, y toesenni, y losin a phopeth arall sydd ar gael, yn ogystal \u00e2 the, coffi a diodydd meddal, a bar yn ardal y Ganolfan Ddinesig ac yn agos at y Senotaff i dorri eich syched. <\/p>\n\n\n\n<hr class=\"wp-block-separator has-css-opacity\"\/>\n\n\n\n<h4 class=\"wp-block-heading\"><strong>Gwasanaethau Arfog<\/strong><\/h4>\n\n\n\n<p>Bydd llawer mwy o bethau sy&#8217;n gysylltiedig \u00e2&#8217;r gwasanaethau arfog i&#8217;w gweld a&#8217;u gwneud gan gynnwys y canlynol:<\/p>\n\n\n\n<ul class=\"wp-block-list\">\n<li>Band Tywysog Cymru<\/li>\n\n\n\n<li>Cerbydau ymladd mawr<\/li>\n\n\n\n<li>\u00d4l-gerbydau gwybodaeth<\/li>\n\n\n\n<li>Pabell fawr y Cyfamod Abertawe gyda chynrychiolwyr o gyn-filwyr, elusennau a grwpiau cymorth.<\/li>\n\n\n\n<li>Gallwch chi hefyd fynd y tu mewn i atgynhyrchiad y Red Arrow Hawk a&#8217;i archwilio!<\/li>\n<\/ul>\n\n\n\n<hr class=\"wp-block-separator has-css-opacity\"\/>\n\n\n\n<h4 class=\"wp-block-heading\">Dewch i fod yn rhan o&#8217;r cyffro gydag efelychwyr a phrofiadau rhithrealiti<\/h4>\n\n\n\n<p>Ydych chi erioed wedi eisiau&#8217;r profiad o sefyll ar gludydd awyrennau pan fydd y jetiau&#8217;n codi? Neu, beth am eistedd yn sedd peilot un o Red Arrows yr RAF neu Typhoon? <\/p>\n\n\n\n<p>Archwiliwch yr arddangosiadau ar y ddaear yn ystod Sioe Awyr Cymru er mwyn dod o hyd i&#8217;r profiadau rhithrealiti a&#8217;r efelychwyr hedfan hyn, yn ogystal \u00e2 llawer mwy!<\/p>\n\n\n\n<figure class=\"wp-block-image size-large\"><img loading=\"lazy\" decoding=\"async\" width=\"1200\" height=\"800\" src=\"https:\/\/www.walesnationalairshow.com\/wp-content\/uploads\/2025\/06\/AW060724airshow24105-1-1-1-1200x800.jpg\" alt=\"\" class=\"wp-image-11681\" srcset=\"https:\/\/www.walesnationalairshow.com\/wp-content\/uploads\/2025\/06\/AW060724airshow24105-1-1-1-1200x800.jpg 1200w, https:\/\/www.walesnationalairshow.com\/wp-content\/uploads\/2025\/06\/AW060724airshow24105-1-1-1-300x200.jpg 300w, https:\/\/www.walesnationalairshow.com\/wp-content\/uploads\/2025\/06\/AW060724airshow24105-1-1-1-1536x1024.jpg 1536w, https:\/\/www.walesnationalairshow.com\/wp-content\/uploads\/2025\/06\/AW060724airshow24105-1-1-1-2048x1365.jpg 2048w\" sizes=\"auto, (max-width: 1200px) 100vw, 1200px\" \/><\/figure>\n\n\n\n<hr class=\"wp-block-separator has-css-opacity\"\/>\n\n\n\n<h4 class=\"wp-block-heading\">Cadetiaid Awyr, Y Fyddin a&#8217;r M\u00f4r<\/h4>\n\n\n\n<p>Bydd y Cadetiaid Awyr, Y Fyddin a&#8217;r M\u00f4r yn dychwelyd i Sioe Awyr Cymru gyda nifer o arddangosiadau rhyngweithiol sy&#8217;n arddangos y gweithgareddau difyr niferus maent yn eu gwneud fel cadetiaid y gwasanaethau milwrwol.<\/p>\n\n\n\n<hr class=\"wp-block-separator has-css-opacity\"\/>\n\n\n\n<h4 class=\"wp-block-heading\">Cwrdd \u00e2&#8217;r T\u00eemau<\/h4>\n\n\n\n<p>Os nad yw\ngwylio&#8217;r awyrennau o&#8217;r promen\u00e2d yn ddigon, bydd gennych y cyfle i gwrdd \u00e2 Th\u00eem\nRaven, The Blades, T\u00eem Parasiwt y Tigers a pheirianwyr y Red Arrows, Chinook a\nHedfaniad Coffa Brwydr Prydain <\/p>\n\n\n\n<hr class=\"wp-block-separator has-css-opacity\"\/>\n\n\n\n<h4 class=\"wp-block-heading\">Ffair Hwyl a Difyrion<\/h4>\n\n\n\n<p>Bydd y reidiau ffair a difyrion yn y Ganolfan Ddinesig ac ar Oystermouth Road, gan gynnwys efelychydd y Red Arrows, reidiau ar gyfer y rheini sy&#8217;n dwlu ar gyffro, reidiau i blant, weiren wib, gemau a difyrion trwy gydol benwythnos y Sioe Awyr, hwyl i&#8217;r holl deulu!<\/p>\n\n\n\n<figure class=\"wp-block-image size-large\"><img loading=\"lazy\" decoding=\"async\" width=\"1200\" height=\"800\" src=\"https:\/\/www.walesnationalairshow.com\/wp-content\/uploads\/2025\/06\/athn_070724_wales_air_show_8595-1-1-1-1200x800.jpg\" alt=\"\" class=\"wp-image-11683\" srcset=\"https:\/\/www.walesnationalairshow.com\/wp-content\/uploads\/2025\/06\/athn_070724_wales_air_show_8595-1-1-1-1200x800.jpg 1200w, https:\/\/www.walesnationalairshow.com\/wp-content\/uploads\/2025\/06\/athn_070724_wales_air_show_8595-1-1-1-300x200.jpg 300w, https:\/\/www.walesnationalairshow.com\/wp-content\/uploads\/2025\/06\/athn_070724_wales_air_show_8595-1-1-1-1536x1024.jpg 1536w, https:\/\/www.walesnationalairshow.com\/wp-content\/uploads\/2025\/06\/athn_070724_wales_air_show_8595-1-1-1-2048x1365.jpg 2048w\" sizes=\"auto, (max-width: 1200px) 100vw, 1200px\" \/><\/figure>\n\n\n\n<hr class=\"wp-block-separator has-alpha-channel-opacity\"\/>\n\n\n\n<h4 class=\"wp-block-heading\">Adloniant <\/h4>\n\n\n\n<figure class=\"wp-block-image size-large\"><img loading=\"lazy\" decoding=\"async\" width=\"1200\" height=\"605\" src=\"https:\/\/www.walesnationalairshow.com\/wp-content\/uploads\/2019\/05\/Music-Stage-Airshow-1200x605.jpg\" alt=\"\" class=\"wp-image-8220\" srcset=\"https:\/\/www.walesnationalairshow.com\/wp-content\/uploads\/2019\/05\/Music-Stage-Airshow.jpg 1200w, https:\/\/www.walesnationalairshow.com\/wp-content\/uploads\/2019\/05\/Music-Stage-Airshow-300x150.jpg 300w\" sizes=\"auto, (max-width: 1200px) 100vw, 1200px\" \/><\/figure>\n\n\n\n<p>Bydd digonedd o gerddoriaeth fyw yn Sioe Awyr Cymru&#8217;r haf hwn. <\/p>\n\n\n\n<hr class=\"wp-block-separator has-alpha-channel-opacity\"\/>\n\n\n\n<p>Ardaloedd gwylio i&#8217;r anabl yn y Ganolfan Ddinesig a ger y Senotaff. Yn ogystal ag ardaloedd &#8216;tawel&#8217; y tu mewn i&#8217;r Ganolfan Ddinesig ar lawr cyntaf y llyfrgell. <a href=\"https:\/\/www.walesnationalairshow.com\/cy\/gwybodaeth-i-ymwelwyr\/visitor-information\/ymwelwyr-anabl\/\">Mwy ar Hygyrchedd<\/a>.<\/p>\n","protected":false},"excerpt":{"rendered":"<p>Nid arddangosiadau acrobatig trawiadol yn yr awyr yn unig sy&#8217;n cael eu cynnig yn ystod Sioe Awyr Cymru, mae llawer o bethau difyr i deuluoedd ar y ddaear hefyd! Mae llawer i&#8217;w weld ac i&#8217;w wneud, gan gynnwys efelychwyr hedfan, ffeiriau, awyrennau ar y ddaear, cerbydau ac arddangosiadau&#8217;r lluoedd arfog a llawer mwy. Cofiwch, bydd [&hellip;]<\/p>\n","protected":false},"author":9,"featured_media":9099,"parent":0,"menu_order":0,"comment_status":"closed","ping_status":"closed","template":"","meta":{"_monsterinsights_skip_tracking":false,"_monsterinsights_sitenote_active":false,"_monsterinsights_sitenote_note":"","_monsterinsights_sitenote_category":0,"_genesis_hide_title":false,"_genesis_hide_breadcrumbs":false,"_genesis_hide_singular_image":false,"_genesis_hide_footer_widgets":false,"_genesis_custom_body_class":"","_genesis_custom_post_class":"","_genesis_layout":"","footnotes":""},"class_list":{"0":"post-7748","1":"page","2":"type-page","3":"status-publish","4":"has-post-thumbnail","6":"entry"},"yoast_head":"<!-- This site is optimized with the Yoast SEO plugin v25.3.1 - https:\/\/yoast.com\/wordpress\/plugins\/seo\/ -->\n<title>Arddangosiadau ar y ddaear - Wales Airshow<\/title>\n<meta name=\"robots\" content=\"index, follow, max-snippet:-1, max-image-preview:large, max-video-preview:-1\" \/>\n<link rel=\"canonical\" href=\"https:\/\/www.walesnationalairshow.com\/cy\/arddangosiadau-ar-y-ddaear-2\/\" \/>\n<meta property=\"og:locale\" content=\"en_US\" \/>\n<meta property=\"og:type\" content=\"article\" \/>\n<meta property=\"og:title\" content=\"Arddangosiadau ar y ddaear - Wales Airshow\" \/>\n<meta property=\"og:description\" content=\"Nid arddangosiadau acrobatig trawiadol yn yr awyr yn unig sy&#8217;n cael eu cynnig yn ystod Sioe Awyr Cymru, mae llawer o bethau difyr i deuluoedd ar y ddaear hefyd! Mae llawer i&#8217;w weld ac i&#8217;w wneud, gan gynnwys efelychwyr hedfan, ffeiriau, awyrennau ar y ddaear, cerbydau ac arddangosiadau&#8217;r lluoedd arfog a llawer mwy. Cofiwch, bydd [&hellip;]\" \/>\n<meta property=\"og:url\" content=\"https:\/\/www.walesnationalairshow.com\/cy\/arddangosiadau-ar-y-ddaear-2\/\" \/>\n<meta property=\"og:site_name\" content=\"Wales Airshow\" \/>\n<meta property=\"article:publisher\" content=\"https:\/\/www.facebook.com\/WalesNationalAirShow\/\" \/>\n<meta property=\"article:modified_time\" content=\"2026-01-23T08:46:41+00:00\" \/>\n<meta property=\"og:image\" content=\"https:\/\/www.walesnationalairshow.com\/wp-content\/uploads\/2020\/03\/Ground-displays-thumbnail.jpg\" \/>\n\t<meta property=\"og:image:width\" content=\"484\" \/>\n\t<meta property=\"og:image:height\" content=\"320\" \/>\n\t<meta property=\"og:image:type\" content=\"image\/jpeg\" \/>\n<meta name=\"twitter:label1\" content=\"Est. reading time\" \/>\n\t<meta name=\"twitter:data1\" content=\"4 munud\" \/>\n<script type=\"application\/ld+json\" class=\"yoast-schema-graph\">{\"@context\":\"https:\/\/schema.org\",\"@graph\":[{\"@type\":\"WebPage\",\"@id\":\"https:\/\/www.walesnationalairshow.com\/cy\/arddangosiadau-ar-y-ddaear-2\/\",\"url\":\"https:\/\/www.walesnationalairshow.com\/cy\/arddangosiadau-ar-y-ddaear-2\/\",\"name\":\"Arddangosiadau ar y ddaear - Wales Airshow\",\"isPartOf\":{\"@id\":\"https:\/\/www.walesnationalairshow.com\/#website\"},\"primaryImageOfPage\":{\"@id\":\"https:\/\/www.walesnationalairshow.com\/cy\/arddangosiadau-ar-y-ddaear-2\/#primaryimage\"},\"image\":{\"@id\":\"https:\/\/www.walesnationalairshow.com\/cy\/arddangosiadau-ar-y-ddaear-2\/#primaryimage\"},\"thumbnailUrl\":\"https:\/\/www.walesnationalairshow.com\/wp-content\/uploads\/2020\/03\/Ground-displays-thumbnail.jpg\",\"datePublished\":\"2018-06-20T14:20:59+00:00\",\"dateModified\":\"2026-01-23T08:46:41+00:00\",\"breadcrumb\":{\"@id\":\"https:\/\/www.walesnationalairshow.com\/cy\/arddangosiadau-ar-y-ddaear-2\/#breadcrumb\"},\"inLanguage\":\"cy\",\"potentialAction\":[{\"@type\":\"ReadAction\",\"target\":[\"https:\/\/www.walesnationalairshow.com\/cy\/arddangosiadau-ar-y-ddaear-2\/\"]}]},{\"@type\":\"ImageObject\",\"inLanguage\":\"cy\",\"@id\":\"https:\/\/www.walesnationalairshow.com\/cy\/arddangosiadau-ar-y-ddaear-2\/#primaryimage\",\"url\":\"https:\/\/www.walesnationalairshow.com\/wp-content\/uploads\/2020\/03\/Ground-displays-thumbnail.jpg\",\"contentUrl\":\"https:\/\/www.walesnationalairshow.com\/wp-content\/uploads\/2020\/03\/Ground-displays-thumbnail.jpg\",\"width\":484,\"height\":320},{\"@type\":\"BreadcrumbList\",\"@id\":\"https:\/\/www.walesnationalairshow.com\/cy\/arddangosiadau-ar-y-ddaear-2\/#breadcrumb\",\"itemListElement\":[{\"@type\":\"ListItem\",\"position\":1,\"name\":\"Home\",\"item\":\"https:\/\/www.walesnationalairshow.com\/\"},{\"@type\":\"ListItem\",\"position\":2,\"name\":\"Arddangosiadau ar y ddaear\"}]},{\"@type\":\"WebSite\",\"@id\":\"https:\/\/www.walesnationalairshow.com\/#website\",\"url\":\"https:\/\/www.walesnationalairshow.com\/\",\"name\":\"Wales Airshow\",\"description\":\"Taking to the skies over Swansea Bay on 25 and 26 July 2026\",\"potentialAction\":[{\"@type\":\"SearchAction\",\"target\":{\"@type\":\"EntryPoint\",\"urlTemplate\":\"https:\/\/www.walesnationalairshow.com\/?s={search_term_string}\"},\"query-input\":{\"@type\":\"PropertyValueSpecification\",\"valueRequired\":true,\"valueName\":\"search_term_string\"}}],\"inLanguage\":\"cy\"}]}<\/script>\n<!-- \/ Yoast SEO plugin. -->","yoast_head_json":{"title":"Arddangosiadau ar y ddaear - Wales Airshow","robots":{"index":"index","follow":"follow","max-snippet":"max-snippet:-1","max-image-preview":"max-image-preview:large","max-video-preview":"max-video-preview:-1"},"canonical":"https:\/\/www.walesnationalairshow.com\/cy\/arddangosiadau-ar-y-ddaear-2\/","og_locale":"en_US","og_type":"article","og_title":"Arddangosiadau ar y ddaear - Wales Airshow","og_description":"Nid arddangosiadau acrobatig trawiadol yn yr awyr yn unig sy&#8217;n cael eu cynnig yn ystod Sioe Awyr Cymru, mae llawer o bethau difyr i deuluoedd ar y ddaear hefyd! Mae llawer i&#8217;w weld ac i&#8217;w wneud, gan gynnwys efelychwyr hedfan, ffeiriau, awyrennau ar y ddaear, cerbydau ac arddangosiadau&#8217;r lluoedd arfog a llawer mwy. Cofiwch, bydd [&hellip;]","og_url":"https:\/\/www.walesnationalairshow.com\/cy\/arddangosiadau-ar-y-ddaear-2\/","og_site_name":"Wales Airshow","article_publisher":"https:\/\/www.facebook.com\/WalesNationalAirShow\/","article_modified_time":"2026-01-23T08:46:41+00:00","og_image":[{"width":484,"height":320,"url":"https:\/\/www.walesnationalairshow.com\/wp-content\/uploads\/2020\/03\/Ground-displays-thumbnail.jpg","type":"image\/jpeg"}],"twitter_misc":{"Est. reading time":"4 munud"},"schema":{"@context":"https:\/\/schema.org","@graph":[{"@type":"WebPage","@id":"https:\/\/www.walesnationalairshow.com\/cy\/arddangosiadau-ar-y-ddaear-2\/","url":"https:\/\/www.walesnationalairshow.com\/cy\/arddangosiadau-ar-y-ddaear-2\/","name":"Arddangosiadau ar y ddaear - Wales Airshow","isPartOf":{"@id":"https:\/\/www.walesnationalairshow.com\/#website"},"primaryImageOfPage":{"@id":"https:\/\/www.walesnationalairshow.com\/cy\/arddangosiadau-ar-y-ddaear-2\/#primaryimage"},"image":{"@id":"https:\/\/www.walesnationalairshow.com\/cy\/arddangosiadau-ar-y-ddaear-2\/#primaryimage"},"thumbnailUrl":"https:\/\/www.walesnationalairshow.com\/wp-content\/uploads\/2020\/03\/Ground-displays-thumbnail.jpg","datePublished":"2018-06-20T14:20:59+00:00","dateModified":"2026-01-23T08:46:41+00:00","breadcrumb":{"@id":"https:\/\/www.walesnationalairshow.com\/cy\/arddangosiadau-ar-y-ddaear-2\/#breadcrumb"},"inLanguage":"cy","potentialAction":[{"@type":"ReadAction","target":["https:\/\/www.walesnationalairshow.com\/cy\/arddangosiadau-ar-y-ddaear-2\/"]}]},{"@type":"ImageObject","inLanguage":"cy","@id":"https:\/\/www.walesnationalairshow.com\/cy\/arddangosiadau-ar-y-ddaear-2\/#primaryimage","url":"https:\/\/www.walesnationalairshow.com\/wp-content\/uploads\/2020\/03\/Ground-displays-thumbnail.jpg","contentUrl":"https:\/\/www.walesnationalairshow.com\/wp-content\/uploads\/2020\/03\/Ground-displays-thumbnail.jpg","width":484,"height":320},{"@type":"BreadcrumbList","@id":"https:\/\/www.walesnationalairshow.com\/cy\/arddangosiadau-ar-y-ddaear-2\/#breadcrumb","itemListElement":[{"@type":"ListItem","position":1,"name":"Home","item":"https:\/\/www.walesnationalairshow.com\/"},{"@type":"ListItem","position":2,"name":"Arddangosiadau ar y ddaear"}]},{"@type":"WebSite","@id":"https:\/\/www.walesnationalairshow.com\/#website","url":"https:\/\/www.walesnationalairshow.com\/","name":"Wales Airshow","description":"Taking to the skies over Swansea Bay on 25 and 26 July 2026","potentialAction":[{"@type":"SearchAction","target":{"@type":"EntryPoint","urlTemplate":"https:\/\/www.walesnationalairshow.com\/?s={search_term_string}"},"query-input":{"@type":"PropertyValueSpecification","valueRequired":true,"valueName":"search_term_string"}}],"inLanguage":"cy"}]}},"_links":{"self":[{"href":"https:\/\/www.walesnationalairshow.com\/cy\/wp-json\/wp\/v2\/pages\/7748","targetHints":{"allow":["GET"]}}],"collection":[{"href":"https:\/\/www.walesnationalairshow.com\/cy\/wp-json\/wp\/v2\/pages"}],"about":[{"href":"https:\/\/www.walesnationalairshow.com\/cy\/wp-json\/wp\/v2\/types\/page"}],"author":[{"embeddable":true,"href":"https:\/\/www.walesnationalairshow.com\/cy\/wp-json\/wp\/v2\/users\/9"}],"replies":[{"embeddable":true,"href":"https:\/\/www.walesnationalairshow.com\/cy\/wp-json\/wp\/v2\/comments?post=7748"}],"version-history":[{"count":38,"href":"https:\/\/www.walesnationalairshow.com\/cy\/wp-json\/wp\/v2\/pages\/7748\/revisions"}],"predecessor-version":[{"id":11853,"href":"https:\/\/www.walesnationalairshow.com\/cy\/wp-json\/wp\/v2\/pages\/7748\/revisions\/11853"}],"wp:featuredmedia":[{"embeddable":true,"href":"https:\/\/www.walesnationalairshow.com\/cy\/wp-json\/wp\/v2\/media\/9099"}],"wp:attachment":[{"href":"https:\/\/www.walesnationalairshow.com\/cy\/wp-json\/wp\/v2\/media?parent=7748"}],"curies":[{"name":"wp","href":"https:\/\/api.w.org\/{rel}","templated":true}]}}