{"id":4949,"date":"2016-02-17T10:43:10","date_gmt":"2016-02-17T10:43:10","guid":{"rendered":"http:\/\/www.walesnationalairshow.com\/?page_id=4949&#038;lang=cy"},"modified":"2021-05-27T14:55:26","modified_gmt":"2021-05-27T14:55:26","slug":"yr-wybodaeth-ddiweddaraf","status":"publish","type":"page","link":"https:\/\/www.walesnationalairshow.com\/cy\/yr-wybodaeth-ddiweddaraf\/","title":{"rendered":"Yr Wybodaeth Ddiweddaraf"},"content":{"rendered":"<p><img loading=\"lazy\" decoding=\"async\" class=\"alignnone size-full wp-image-6593\" src=\"http:\/\/www.walesnationalairshow.com\/wp-content\/uploads\/2016\/02\/eshot-header.jpg\" alt=\"Keep in touch\" width=\"780\" height=\"270\" srcset=\"https:\/\/www.walesnationalairshow.com\/wp-content\/uploads\/2016\/02\/eshot-header.jpg 780w, https:\/\/www.walesnationalairshow.com\/wp-content\/uploads\/2016\/02\/eshot-header-300x104.jpg 300w\" sizes=\"auto, (max-width: 780px) 100vw, 780px\" \/><\/p>\n<p>Mynnwch yr holl newyddion diweddaraf am Sioe Awyr Cymru. Gallwch gofrestru hefyd i gael gwybodaeth am ddigwyddiadau, gweithgareddau a newyddion eraill ym Mae Abertawe trwy gyflwyno eich cyfeiriad e-bost isod.<\/p>\n<h3><strong>Cofrestrwch i dderbyn ein e-fwletinau rheolaidd<\/strong><\/h3>\n<p><!-- Begin MailChimp Signup Form --><\/p>\n<style type=\"text\/css\">\n\t#mc_embed_signup{background:#fff; clear:left; font:14px Helvetica,Arial,sans-serif; width:100%;}<br \/>\t\/* Add your own MailChimp form style overrides in your site stylesheet or in this style block.<br \/>\t   We recommend moving this block and the preceding CSS link to the HEAD of your HTML file. *\/<br \/><\/style>\n<div id=\"mc_embed_signup\">\n<form id=\"mc-embedded-subscribe-form\" class=\"validate\" action=\"\/\/swansea.us2.list-manage.com\/subscribe\/post?u=5accf5c91857f084d363edeea&amp;id=dfd299db9e\" method=\"post\" name=\"mc-embedded-subscribe-form\" novalidate=\"\" target=\"_blank\">\n<div>\n<p><strong>Cyngor Abertawe yw&#8217;r rheolwr data ar gyfer yr wybodaeth bersonol rydych chi&#8217;n ei darparu ar y ffurflen hon.&nbsp; Bydd eich gwybodaeth yn cael ei defnyddio er mwyn i ni ddarparu&#8217;r gwasanaeth rydych wedi cyflwyno cais amdano ac ni chaiff ei defnyddio at unrhyw ddiben arall.&nbsp; Ni fyddwn yn rhannu&#8217;ch data ag unrhyw drydydd parti heb eich caniat\u00e2d pendant oni bai fod y gyfraith yn gofyn neu&#8217;n caniat\u00e1u i ni wneud hynny. Gallwch dynnu&#8217;ch caniat\u00e2d yn \u00f4l ar unrhyw adeg a gofyn i ni ddileu&#8217;ch gwybodaeth bersonol o&#8217;n cofnodion.<\/strong><\/p>\n<p>Mae cyfraith diogelu data&#8217;n disgrifio&#8217;r sail gyfreithiol ar gyfer prosesu eich data fel un sy&#8217;n seiliedig ar ganiat\u00e2d.&nbsp; Am fwy o wybodaeth am sut mae Cyngor Abertawe&#8217;n defnyddio&#8217;ch data personol, gan gynnwys eich hawliau fel testun data, gweler ein&nbsp;<a title=\"Read more about Hysbysiad preifatrwydd\" href=\"https:\/\/www.abertawe.gov.uk\/hysbysiadpreifatrwydd\">hysbysiad preifatrwydd<\/a>&nbsp;corfforaethol ar ein gwefan.<\/p>\n<\/div>\n<div id=\"mc_embed_signup_scroll\"><label for=\"mce-EMAIL\">Please enter your email address into the box below<\/label><br \/>\n<input id=\"mce-EMAIL\" class=\"email\" name=\"EMAIL\" required=\"\" type=\"email\" value=\"\" placeholder=\"Email address\"><br \/>\n<!-- real people should not fill this in and expect good things - do not remove this or risk form bot signups--><\/p>\n<div style=\"position: absolute; left: -5000px;\"><input tabindex=\"-1\" name=\"b_5accf5c91857f084d363edeea_dfd299db9e\" type=\"text\" value=\"\"><\/div>\n<div class=\"clear\"><input id=\"mc-embedded-subscribe\" class=\"button\" name=\"subscribe\" type=\"submit\" value=\"Subscribe\"><\/div>\n<div class=\"clear\"><\/div>\n<div><\/div>\n<div class=\"clear\"><strong>Ymunwch \u00e2 ni ar gyfryngau cymdeithasol<\/strong><\/div>\n<div class=\"clear\">Dewch i gael yr holl newyddion, lluniau a fideos diweddaraf trwy ein cyfrifon cyfryngau cymdeithasol:<\/div>\n<div class=\"clear\"><a href=\"http:\/\/www.facebook.com\/sioeawyrcymru\">Ymunwch \u00e2 ni ar Facebook<\/a>&nbsp;<a href=\"https:\/\/twitter.com\/SioeAwyrCymru\"> Dilynwch ni ar Twitter<\/a><\/div>\n<div class=\"clear\"><\/div>\n<div class=\"clear\"><strong>Gwybodaeth am ddigwyddiadau gwych eraill ym Mae Abertawe<\/strong><\/div>\n<ul>\n<li class=\"clear\">Ewch i wefan <a href=\"http:\/\/www.joiobaeabertawe.com\">Joio Bae Abertawe<\/a> am fwy o ddigwyddiadau gwych.<\/li>\n<li class=\"clear\">Ewch i wefan <a href=\"http:\/\/www.dewchifaeabertawe.com\">Dewch i Fae Abertawe<\/a> am wybodaeth i ymwelwyr.<\/li>\n<\/ul>\n<\/div>\n<\/form>\n<\/div>\n","protected":false},"excerpt":{"rendered":"<p>Mynnwch yr holl newyddion diweddaraf am Sioe Awyr Cymru. Gallwch gofrestru hefyd i gael gwybodaeth am ddigwyddiadau, gweithgareddau a newyddion eraill ym Mae Abertawe trwy gyflwyno eich cyfeiriad e-bost isod. Cofrestrwch i dderbyn ein e-fwletinau rheolaidd Cyngor Abertawe yw&#8217;r rheolwr data ar gyfer yr wybodaeth bersonol rydych chi&#8217;n ei darparu ar y ffurflen hon.&nbsp; Bydd [&hellip;]<\/p>\n","protected":false},"author":9,"featured_media":0,"parent":0,"menu_order":0,"comment_status":"closed","ping_status":"closed","template":"","meta":{"_monsterinsights_skip_tracking":false,"_monsterinsights_sitenote_active":false,"_monsterinsights_sitenote_note":"","_monsterinsights_sitenote_category":0,"_genesis_hide_title":false,"_genesis_hide_breadcrumbs":false,"_genesis_hide_singular_image":false,"_genesis_hide_footer_widgets":false,"_genesis_custom_body_class":"","_genesis_custom_post_class":"","_genesis_layout":"","footnotes":""},"class_list":{"0":"post-4949","1":"page","2":"type-page","3":"status-publish","5":"entry"},"yoast_head":"<!-- This site is optimized with the Yoast SEO plugin v25.3.1 - https:\/\/yoast.com\/wordpress\/plugins\/seo\/ -->\n<title>Yr Wybodaeth Ddiweddaraf - Wales Airshow<\/title>\n<meta name=\"robots\" content=\"index, follow, max-snippet:-1, max-image-preview:large, max-video-preview:-1\" \/>\n<link rel=\"canonical\" href=\"https:\/\/www.walesnationalairshow.com\/cy\/yr-wybodaeth-ddiweddaraf\/\" \/>\n<meta property=\"og:locale\" content=\"en_US\" \/>\n<meta property=\"og:type\" content=\"article\" \/>\n<meta property=\"og:title\" content=\"Yr Wybodaeth Ddiweddaraf - Wales Airshow\" \/>\n<meta property=\"og:description\" content=\"Mynnwch yr holl newyddion diweddaraf am Sioe Awyr Cymru. Gallwch gofrestru hefyd i gael gwybodaeth am ddigwyddiadau, gweithgareddau a newyddion eraill ym Mae Abertawe trwy gyflwyno eich cyfeiriad e-bost isod. Cofrestrwch i dderbyn ein e-fwletinau rheolaidd Cyngor Abertawe yw&#8217;r rheolwr data ar gyfer yr wybodaeth bersonol rydych chi&#8217;n ei darparu ar y ffurflen hon.&nbsp; Bydd [&hellip;]\" \/>\n<meta property=\"og:url\" content=\"https:\/\/www.walesnationalairshow.com\/cy\/yr-wybodaeth-ddiweddaraf\/\" \/>\n<meta property=\"og:site_name\" content=\"Wales Airshow\" \/>\n<meta property=\"article:publisher\" content=\"https:\/\/www.facebook.com\/WalesNationalAirShow\/\" \/>\n<meta property=\"article:modified_time\" content=\"2021-05-27T14:55:26+00:00\" \/>\n<meta property=\"og:image\" content=\"http:\/\/www.walesnationalairshow.com\/wp-content\/uploads\/2016\/02\/eshot-header.jpg\" \/>\n<meta name=\"twitter:label1\" content=\"Est. reading time\" \/>\n\t<meta name=\"twitter:data1\" content=\"2 funud\" \/>\n<script type=\"application\/ld+json\" class=\"yoast-schema-graph\">{\"@context\":\"https:\/\/schema.org\",\"@graph\":[{\"@type\":\"WebPage\",\"@id\":\"https:\/\/www.walesnationalairshow.com\/cy\/yr-wybodaeth-ddiweddaraf\/\",\"url\":\"https:\/\/www.walesnationalairshow.com\/cy\/yr-wybodaeth-ddiweddaraf\/\",\"name\":\"Yr Wybodaeth Ddiweddaraf - Wales Airshow\",\"isPartOf\":{\"@id\":\"https:\/\/www.walesnationalairshow.com\/#website\"},\"primaryImageOfPage\":{\"@id\":\"https:\/\/www.walesnationalairshow.com\/cy\/yr-wybodaeth-ddiweddaraf\/#primaryimage\"},\"image\":{\"@id\":\"https:\/\/www.walesnationalairshow.com\/cy\/yr-wybodaeth-ddiweddaraf\/#primaryimage\"},\"thumbnailUrl\":\"http:\/\/www.walesnationalairshow.com\/wp-content\/uploads\/2016\/02\/eshot-header.jpg\",\"datePublished\":\"2016-02-17T10:43:10+00:00\",\"dateModified\":\"2021-05-27T14:55:26+00:00\",\"breadcrumb\":{\"@id\":\"https:\/\/www.walesnationalairshow.com\/cy\/yr-wybodaeth-ddiweddaraf\/#breadcrumb\"},\"inLanguage\":\"cy\",\"potentialAction\":[{\"@type\":\"ReadAction\",\"target\":[\"https:\/\/www.walesnationalairshow.com\/cy\/yr-wybodaeth-ddiweddaraf\/\"]}]},{\"@type\":\"ImageObject\",\"inLanguage\":\"cy\",\"@id\":\"https:\/\/www.walesnationalairshow.com\/cy\/yr-wybodaeth-ddiweddaraf\/#primaryimage\",\"url\":\"http:\/\/www.walesnationalairshow.com\/wp-content\/uploads\/2016\/02\/eshot-header.jpg\",\"contentUrl\":\"http:\/\/www.walesnationalairshow.com\/wp-content\/uploads\/2016\/02\/eshot-header.jpg\"},{\"@type\":\"BreadcrumbList\",\"@id\":\"https:\/\/www.walesnationalairshow.com\/cy\/yr-wybodaeth-ddiweddaraf\/#breadcrumb\",\"itemListElement\":[{\"@type\":\"ListItem\",\"position\":1,\"name\":\"Home\",\"item\":\"https:\/\/www.walesnationalairshow.com\/\"},{\"@type\":\"ListItem\",\"position\":2,\"name\":\"Yr Wybodaeth Ddiweddaraf\"}]},{\"@type\":\"WebSite\",\"@id\":\"https:\/\/www.walesnationalairshow.com\/#website\",\"url\":\"https:\/\/www.walesnationalairshow.com\/\",\"name\":\"Wales Airshow\",\"description\":\"Taking to the skies over Swansea Bay on 25 and 26 July 2026\",\"potentialAction\":[{\"@type\":\"SearchAction\",\"target\":{\"@type\":\"EntryPoint\",\"urlTemplate\":\"https:\/\/www.walesnationalairshow.com\/?s={search_term_string}\"},\"query-input\":{\"@type\":\"PropertyValueSpecification\",\"valueRequired\":true,\"valueName\":\"search_term_string\"}}],\"inLanguage\":\"cy\"}]}<\/script>\n<!-- \/ Yoast SEO plugin. -->","yoast_head_json":{"title":"Yr Wybodaeth Ddiweddaraf - Wales Airshow","robots":{"index":"index","follow":"follow","max-snippet":"max-snippet:-1","max-image-preview":"max-image-preview:large","max-video-preview":"max-video-preview:-1"},"canonical":"https:\/\/www.walesnationalairshow.com\/cy\/yr-wybodaeth-ddiweddaraf\/","og_locale":"en_US","og_type":"article","og_title":"Yr Wybodaeth Ddiweddaraf - Wales Airshow","og_description":"Mynnwch yr holl newyddion diweddaraf am Sioe Awyr Cymru. Gallwch gofrestru hefyd i gael gwybodaeth am ddigwyddiadau, gweithgareddau a newyddion eraill ym Mae Abertawe trwy gyflwyno eich cyfeiriad e-bost isod. Cofrestrwch i dderbyn ein e-fwletinau rheolaidd Cyngor Abertawe yw&#8217;r rheolwr data ar gyfer yr wybodaeth bersonol rydych chi&#8217;n ei darparu ar y ffurflen hon.&nbsp; Bydd [&hellip;]","og_url":"https:\/\/www.walesnationalairshow.com\/cy\/yr-wybodaeth-ddiweddaraf\/","og_site_name":"Wales Airshow","article_publisher":"https:\/\/www.facebook.com\/WalesNationalAirShow\/","article_modified_time":"2021-05-27T14:55:26+00:00","og_image":[{"url":"http:\/\/www.walesnationalairshow.com\/wp-content\/uploads\/2016\/02\/eshot-header.jpg","type":"","width":"","height":""}],"twitter_misc":{"Est. reading time":"2 funud"},"schema":{"@context":"https:\/\/schema.org","@graph":[{"@type":"WebPage","@id":"https:\/\/www.walesnationalairshow.com\/cy\/yr-wybodaeth-ddiweddaraf\/","url":"https:\/\/www.walesnationalairshow.com\/cy\/yr-wybodaeth-ddiweddaraf\/","name":"Yr Wybodaeth Ddiweddaraf - Wales Airshow","isPartOf":{"@id":"https:\/\/www.walesnationalairshow.com\/#website"},"primaryImageOfPage":{"@id":"https:\/\/www.walesnationalairshow.com\/cy\/yr-wybodaeth-ddiweddaraf\/#primaryimage"},"image":{"@id":"https:\/\/www.walesnationalairshow.com\/cy\/yr-wybodaeth-ddiweddaraf\/#primaryimage"},"thumbnailUrl":"http:\/\/www.walesnationalairshow.com\/wp-content\/uploads\/2016\/02\/eshot-header.jpg","datePublished":"2016-02-17T10:43:10+00:00","dateModified":"2021-05-27T14:55:26+00:00","breadcrumb":{"@id":"https:\/\/www.walesnationalairshow.com\/cy\/yr-wybodaeth-ddiweddaraf\/#breadcrumb"},"inLanguage":"cy","potentialAction":[{"@type":"ReadAction","target":["https:\/\/www.walesnationalairshow.com\/cy\/yr-wybodaeth-ddiweddaraf\/"]}]},{"@type":"ImageObject","inLanguage":"cy","@id":"https:\/\/www.walesnationalairshow.com\/cy\/yr-wybodaeth-ddiweddaraf\/#primaryimage","url":"http:\/\/www.walesnationalairshow.com\/wp-content\/uploads\/2016\/02\/eshot-header.jpg","contentUrl":"http:\/\/www.walesnationalairshow.com\/wp-content\/uploads\/2016\/02\/eshot-header.jpg"},{"@type":"BreadcrumbList","@id":"https:\/\/www.walesnationalairshow.com\/cy\/yr-wybodaeth-ddiweddaraf\/#breadcrumb","itemListElement":[{"@type":"ListItem","position":1,"name":"Home","item":"https:\/\/www.walesnationalairshow.com\/"},{"@type":"ListItem","position":2,"name":"Yr Wybodaeth Ddiweddaraf"}]},{"@type":"WebSite","@id":"https:\/\/www.walesnationalairshow.com\/#website","url":"https:\/\/www.walesnationalairshow.com\/","name":"Wales Airshow","description":"Taking to the skies over Swansea Bay on 25 and 26 July 2026","potentialAction":[{"@type":"SearchAction","target":{"@type":"EntryPoint","urlTemplate":"https:\/\/www.walesnationalairshow.com\/?s={search_term_string}"},"query-input":{"@type":"PropertyValueSpecification","valueRequired":true,"valueName":"search_term_string"}}],"inLanguage":"cy"}]}},"_links":{"self":[{"href":"https:\/\/www.walesnationalairshow.com\/cy\/wp-json\/wp\/v2\/pages\/4949","targetHints":{"allow":["GET"]}}],"collection":[{"href":"https:\/\/www.walesnationalairshow.com\/cy\/wp-json\/wp\/v2\/pages"}],"about":[{"href":"https:\/\/www.walesnationalairshow.com\/cy\/wp-json\/wp\/v2\/types\/page"}],"author":[{"embeddable":true,"href":"https:\/\/www.walesnationalairshow.com\/cy\/wp-json\/wp\/v2\/users\/9"}],"replies":[{"embeddable":true,"href":"https:\/\/www.walesnationalairshow.com\/cy\/wp-json\/wp\/v2\/comments?post=4949"}],"version-history":[{"count":8,"href":"https:\/\/www.walesnationalairshow.com\/cy\/wp-json\/wp\/v2\/pages\/4949\/revisions"}],"predecessor-version":[{"id":9539,"href":"https:\/\/www.walesnationalairshow.com\/cy\/wp-json\/wp\/v2\/pages\/4949\/revisions\/9539"}],"wp:attachment":[{"href":"https:\/\/www.walesnationalairshow.com\/cy\/wp-json\/wp\/v2\/media?parent=4949"}],"curies":[{"name":"wp","href":"https:\/\/api.w.org\/{rel}","templated":true}]}}