{"id":25,"date":"2013-03-08T17:21:47","date_gmt":"2013-03-08T17:21:47","guid":{"rendered":"http:\/\/79.170.44.120\/walesnationalairshow.com\/?page_id=25"},"modified":"2025-05-06T13:51:03","modified_gmt":"2025-05-06T13:51:03","slug":"visitor-information","status":"publish","type":"page","link":"https:\/\/www.walesnationalairshow.com\/cy\/gwybodaeth-i-ymwelwyr\/visitor-information\/","title":{"rendered":"Gwybodaeth i Ymwelwyr"},"content":{"rendered":"<div class=\"wp-block-image\">\n<figure class=\"alignright\"><img loading=\"lazy\" decoding=\"async\" width=\"232\" height=\"105\" src=\"https:\/\/www.walesnationalairshow.com\/wp-content\/uploads\/2023\/04\/BAE.png\" alt=\"Bae Abertawe\" class=\"wp-image-10284\"\/><\/figure><\/div>\n\n\n<p><strong>Ydych chi&#8217;n ymweld ag Abertawe ar gyfer Sioe Awyr Cymru? Gadewch i <a href=\"http:\/\/www.visitswanseabay.com\/\">Croeso Bae Abertawe<\/a> eich helpu i gynllunio&#8217;ch arhosiad.<\/strong> &nbsp;Caiff croesobaeabertawe.com ei chynnal gan D\u00eem Twristiaeth Cyngor Dinas a Sir Abertawe. Y t\u00eem yw darparwr swyddogol gwybodaeth i dwristiaid ar gyfer Bae Abertawe (Abertawe, y Mwmbwls a G\u0175yr). &nbsp;Mae&#8217;r wefan yn llawn syniadau am bethau ychwanegol i&#8217;w gweld a&#8217;u gwneud yn ogystal \u00e2 gwybodaeth am amrywiaeth eang o lety o safon.<strong><br><\/strong><\/p>\n\n\n\n<figure class=\"wp-block-image\"><a href=\"https:\/\/www.visitswanseabay.com\/listings\/where-to-stay\/\" target=\"_blank\" rel=\"noopener noreferrer\"><img loading=\"lazy\" decoding=\"async\" width=\"484\" height=\"320\" src=\"https:\/\/www.walesnationalairshow.com\/wp-content\/uploads\/2017\/02\/group-accommodation.jpg\" alt=\"Group accommodation\" class=\"wp-image-6549\" srcset=\"https:\/\/www.walesnationalairshow.com\/wp-content\/uploads\/2017\/02\/group-accommodation.jpg 484w, https:\/\/www.walesnationalairshow.com\/wp-content\/uploads\/2017\/02\/group-accommodation-300x198.jpg 300w\" sizes=\"auto, (max-width: 484px) 100vw, 484px\" \/><\/a><\/figure>\n\n\n<h3 class=\"wp-block-heading\"><strong><a href=\"https:\/\/www.croesobaeabertawe.com\/lleoedd-i-aros\/\">Dod o Hyd i Lety<\/a><\/strong><\/h3>\n\n\n<p>Chwiliwch am lety ar gyfer gr\u0175p ym Mae Abertawe a&#8217;r cyffiniau.&nbsp;<a href=\"https:\/\/www.visitswanseabay.com\/listings\/where-to-stay\/\">Mwy&#8230;<\/a><\/p>\n\n\n\n<figure class=\"wp-block-image\"><a href=\"https:\/\/www.visitswanseabay.com\/listings\/food-drink\/\" target=\"_blank\" rel=\"noopener noreferrer\"><img loading=\"lazy\" decoding=\"async\" width=\"484\" height=\"320\" src=\"https:\/\/www.walesnationalairshow.com\/wp-content\/uploads\/2017\/02\/Food-and-drink.jpg\" alt=\"Food and Drink\" class=\"wp-image-6551\" srcset=\"https:\/\/www.walesnationalairshow.com\/wp-content\/uploads\/2017\/02\/Food-and-drink.jpg 484w, https:\/\/www.walesnationalairshow.com\/wp-content\/uploads\/2017\/02\/Food-and-drink-300x198.jpg 300w\" sizes=\"auto, (max-width: 484px) 100vw, 484px\" \/><\/a><\/figure>\n\n\n\n<h3 class=\"wp-block-heading\"><strong><a href=\"https:\/\/www.croesobaeabertawe.com\/bwyd-a-diod\/\">Dod o Hyd i Leoedd Gwych i Fwyta ac Yfed<\/a><\/strong><\/h3>\n\n\n\n<p>Chwiliwch am leoedd i fwyta ym Mae Abertawe. Sicrhewch eich bod yn cadw lle ymlaen llaw wrth gynllunio lluniaeth ar gyfer eich gr\u0175p i osgoi cael eich siomi. <a href=\"https:\/\/www.visitswanseabay.com\/listings\/food-drink\/\">Mwy&#8230;<\/a><\/p>\n\n\n<div class=\"wp-block-image\">\n<figure class=\"alignright\"><img loading=\"lazy\" decoding=\"async\" width=\"300\" height=\"119\" src=\"https:\/\/www.walesnationalairshow.com\/wp-content\/uploads\/2023\/04\/Enjoy-Joio-300-small.jpg\" alt=\"Enjoy Swansea Bay\" class=\"wp-image-10279\"\/><\/figure><\/div>\n\n\n<h3 class=\"wp-block-heading\"><strong>Digwyddiadau Gwych Eraill ym Mae Abertawe<\/strong><\/h3>\n\n\n\n<p>Ewch i <a href=\"http:\/\/www.enjoyswanseabay.com\/\"><strong>joiobaeabertawe.com<\/strong><\/a> am yr holl ddigwyddiadau a gweithgareddau diweddaraf a gynhelir yn Abertawe a&#8217;r cyffiniau.&nbsp;O&#8217;n traethau i ddigwyddiadau mawr a bach, o ffilmiau a theatrau i&#8217;n parciau a&#8217;n prom godidog \u2013 mae llawer i&#8217;w fwynhau yn Abertawe. Cymerwch gipolwg ar ein rhaglenni digwyddiadau, gwybodaeth am ein hatyniadau yn ogystal \u00e2 blogiau rheolaidd sy&#8217;n awgrymu pethau y gallwch eu gwneud yn ystod y flwyddyn ym Mae Abertawe. Mae digonedd i&#8217;w wneud yn y bae hwn!<\/p>\n\n\n\n<p><a href=\"http:\/\/www.enjoyswanseabay.com\/\">Ewch i Joio Bae Abertawe<\/a><\/p>\n","protected":false},"excerpt":{"rendered":"<p>Ydych chi&#8217;n ymweld ag Abertawe ar gyfer Sioe Awyr Cymru? Gadewch i Croeso Bae Abertawe eich helpu i gynllunio&#8217;ch arhosiad. &nbsp;Caiff croesobaeabertawe.com ei chynnal gan D\u00eem Twristiaeth Cyngor Dinas a Sir Abertawe. Y t\u00eem yw darparwr swyddogol gwybodaeth i dwristiaid ar gyfer Bae Abertawe (Abertawe, y Mwmbwls a G\u0175yr). &nbsp;Mae&#8217;r wefan yn llawn syniadau am [&hellip;]<\/p>\n","protected":false},"author":1,"featured_media":0,"parent":5827,"menu_order":0,"comment_status":"closed","ping_status":"closed","template":"","meta":{"_monsterinsights_skip_tracking":false,"_monsterinsights_sitenote_active":false,"_monsterinsights_sitenote_note":"","_monsterinsights_sitenote_category":0,"_genesis_hide_title":false,"_genesis_hide_breadcrumbs":false,"_genesis_hide_singular_image":false,"_genesis_hide_footer_widgets":false,"_genesis_custom_body_class":"","_genesis_custom_post_class":"","_genesis_layout":"","footnotes":""},"class_list":{"0":"post-25","1":"page","2":"type-page","3":"status-publish","5":"entry"},"yoast_head":"<!-- This site is optimized with the Yoast SEO plugin v25.3.1 - https:\/\/yoast.com\/wordpress\/plugins\/seo\/ -->\n<title>Gwybodaeth i Ymwelwyr - Wales Airshow<\/title>\n<meta name=\"robots\" content=\"index, follow, max-snippet:-1, max-image-preview:large, max-video-preview:-1\" \/>\n<link rel=\"canonical\" href=\"https:\/\/www.walesnationalairshow.com\/information\/visitor-information\/\" \/>\n<meta property=\"og:locale\" content=\"en_US\" \/>\n<meta property=\"og:type\" content=\"article\" \/>\n<meta property=\"og:title\" content=\"Gwybodaeth i Ymwelwyr - Wales Airshow\" \/>\n<meta property=\"og:description\" content=\"Ydych chi&#8217;n ymweld ag Abertawe ar gyfer Sioe Awyr Cymru? Gadewch i Croeso Bae Abertawe eich helpu i gynllunio&#8217;ch arhosiad. &nbsp;Caiff croesobaeabertawe.com ei chynnal gan D\u00eem Twristiaeth Cyngor Dinas a Sir Abertawe. Y t\u00eem yw darparwr swyddogol gwybodaeth i dwristiaid ar gyfer Bae Abertawe (Abertawe, y Mwmbwls a G\u0175yr). &nbsp;Mae&#8217;r wefan yn llawn syniadau am [&hellip;]\" \/>\n<meta property=\"og:url\" content=\"https:\/\/www.walesnationalairshow.com\/information\/visitor-information\/\" \/>\n<meta property=\"og:site_name\" content=\"Wales Airshow\" \/>\n<meta property=\"article:publisher\" content=\"https:\/\/www.facebook.com\/WalesNationalAirShow\/\" \/>\n<meta property=\"article:modified_time\" content=\"2025-05-06T13:51:03+00:00\" \/>\n<meta property=\"og:image\" content=\"https:\/\/www.walesnationalairshow.com\/wp-content\/uploads\/2023\/04\/BAE.png\" \/>\n<meta name=\"twitter:label1\" content=\"Est. reading time\" \/>\n\t<meta name=\"twitter:data1\" content=\"2 funud\" \/>\n<script type=\"application\/ld+json\" class=\"yoast-schema-graph\">{\"@context\":\"https:\/\/schema.org\",\"@graph\":[{\"@type\":\"WebPage\",\"@id\":\"https:\/\/www.walesnationalairshow.com\/information\/visitor-information\/\",\"url\":\"https:\/\/www.walesnationalairshow.com\/information\/visitor-information\/\",\"name\":\"Gwybodaeth i Ymwelwyr - Wales Airshow\",\"isPartOf\":{\"@id\":\"https:\/\/www.walesnationalairshow.com\/#website\"},\"primaryImageOfPage\":{\"@id\":\"https:\/\/www.walesnationalairshow.com\/information\/visitor-information\/#primaryimage\"},\"image\":{\"@id\":\"https:\/\/www.walesnationalairshow.com\/information\/visitor-information\/#primaryimage\"},\"thumbnailUrl\":\"https:\/\/www.walesnationalairshow.com\/wp-content\/uploads\/2023\/04\/BAE.png\",\"datePublished\":\"2013-03-08T17:21:47+00:00\",\"dateModified\":\"2025-05-06T13:51:03+00:00\",\"breadcrumb\":{\"@id\":\"https:\/\/www.walesnationalairshow.com\/information\/visitor-information\/#breadcrumb\"},\"inLanguage\":\"cy\",\"potentialAction\":[{\"@type\":\"ReadAction\",\"target\":[\"https:\/\/www.walesnationalairshow.com\/information\/visitor-information\/\"]}]},{\"@type\":\"ImageObject\",\"inLanguage\":\"cy\",\"@id\":\"https:\/\/www.walesnationalairshow.com\/information\/visitor-information\/#primaryimage\",\"url\":\"https:\/\/www.walesnationalairshow.com\/wp-content\/uploads\/2023\/04\/BAE.png\",\"contentUrl\":\"https:\/\/www.walesnationalairshow.com\/wp-content\/uploads\/2023\/04\/BAE.png\"},{\"@type\":\"BreadcrumbList\",\"@id\":\"https:\/\/www.walesnationalairshow.com\/information\/visitor-information\/#breadcrumb\",\"itemListElement\":[{\"@type\":\"ListItem\",\"position\":1,\"name\":\"Home\",\"item\":\"https:\/\/www.walesnationalairshow.com\/\"},{\"@type\":\"ListItem\",\"position\":2,\"name\":\"Cynlluniwch eich ymweliad\",\"item\":\"https:\/\/www.walesnationalairshow.com\/information\/\"},{\"@type\":\"ListItem\",\"position\":3,\"name\":\"Gwybodaeth i Ymwelwyr\"}]},{\"@type\":\"WebSite\",\"@id\":\"https:\/\/www.walesnationalairshow.com\/#website\",\"url\":\"https:\/\/www.walesnationalairshow.com\/\",\"name\":\"Wales Airshow\",\"description\":\"Taking to the skies over Swansea Bay on 25 and 26 July 2026\",\"potentialAction\":[{\"@type\":\"SearchAction\",\"target\":{\"@type\":\"EntryPoint\",\"urlTemplate\":\"https:\/\/www.walesnationalairshow.com\/?s={search_term_string}\"},\"query-input\":{\"@type\":\"PropertyValueSpecification\",\"valueRequired\":true,\"valueName\":\"search_term_string\"}}],\"inLanguage\":\"cy\"}]}<\/script>\n<!-- \/ Yoast SEO plugin. -->","yoast_head_json":{"title":"Gwybodaeth i Ymwelwyr - Wales Airshow","robots":{"index":"index","follow":"follow","max-snippet":"max-snippet:-1","max-image-preview":"max-image-preview:large","max-video-preview":"max-video-preview:-1"},"canonical":"https:\/\/www.walesnationalairshow.com\/information\/visitor-information\/","og_locale":"en_US","og_type":"article","og_title":"Gwybodaeth i Ymwelwyr - Wales Airshow","og_description":"Ydych chi&#8217;n ymweld ag Abertawe ar gyfer Sioe Awyr Cymru? Gadewch i Croeso Bae Abertawe eich helpu i gynllunio&#8217;ch arhosiad. &nbsp;Caiff croesobaeabertawe.com ei chynnal gan D\u00eem Twristiaeth Cyngor Dinas a Sir Abertawe. Y t\u00eem yw darparwr swyddogol gwybodaeth i dwristiaid ar gyfer Bae Abertawe (Abertawe, y Mwmbwls a G\u0175yr). &nbsp;Mae&#8217;r wefan yn llawn syniadau am [&hellip;]","og_url":"https:\/\/www.walesnationalairshow.com\/information\/visitor-information\/","og_site_name":"Wales Airshow","article_publisher":"https:\/\/www.facebook.com\/WalesNationalAirShow\/","article_modified_time":"2025-05-06T13:51:03+00:00","og_image":[{"url":"https:\/\/www.walesnationalairshow.com\/wp-content\/uploads\/2023\/04\/BAE.png","type":"","width":"","height":""}],"twitter_misc":{"Est. reading time":"2 funud"},"schema":{"@context":"https:\/\/schema.org","@graph":[{"@type":"WebPage","@id":"https:\/\/www.walesnationalairshow.com\/information\/visitor-information\/","url":"https:\/\/www.walesnationalairshow.com\/information\/visitor-information\/","name":"Gwybodaeth i Ymwelwyr - Wales Airshow","isPartOf":{"@id":"https:\/\/www.walesnationalairshow.com\/#website"},"primaryImageOfPage":{"@id":"https:\/\/www.walesnationalairshow.com\/information\/visitor-information\/#primaryimage"},"image":{"@id":"https:\/\/www.walesnationalairshow.com\/information\/visitor-information\/#primaryimage"},"thumbnailUrl":"https:\/\/www.walesnationalairshow.com\/wp-content\/uploads\/2023\/04\/BAE.png","datePublished":"2013-03-08T17:21:47+00:00","dateModified":"2025-05-06T13:51:03+00:00","breadcrumb":{"@id":"https:\/\/www.walesnationalairshow.com\/information\/visitor-information\/#breadcrumb"},"inLanguage":"cy","potentialAction":[{"@type":"ReadAction","target":["https:\/\/www.walesnationalairshow.com\/information\/visitor-information\/"]}]},{"@type":"ImageObject","inLanguage":"cy","@id":"https:\/\/www.walesnationalairshow.com\/information\/visitor-information\/#primaryimage","url":"https:\/\/www.walesnationalairshow.com\/wp-content\/uploads\/2023\/04\/BAE.png","contentUrl":"https:\/\/www.walesnationalairshow.com\/wp-content\/uploads\/2023\/04\/BAE.png"},{"@type":"BreadcrumbList","@id":"https:\/\/www.walesnationalairshow.com\/information\/visitor-information\/#breadcrumb","itemListElement":[{"@type":"ListItem","position":1,"name":"Home","item":"https:\/\/www.walesnationalairshow.com\/"},{"@type":"ListItem","position":2,"name":"Cynlluniwch eich ymweliad","item":"https:\/\/www.walesnationalairshow.com\/information\/"},{"@type":"ListItem","position":3,"name":"Gwybodaeth i Ymwelwyr"}]},{"@type":"WebSite","@id":"https:\/\/www.walesnationalairshow.com\/#website","url":"https:\/\/www.walesnationalairshow.com\/","name":"Wales Airshow","description":"Taking to the skies over Swansea Bay on 25 and 26 July 2026","potentialAction":[{"@type":"SearchAction","target":{"@type":"EntryPoint","urlTemplate":"https:\/\/www.walesnationalairshow.com\/?s={search_term_string}"},"query-input":{"@type":"PropertyValueSpecification","valueRequired":true,"valueName":"search_term_string"}}],"inLanguage":"cy"}]}},"_links":{"self":[{"href":"https:\/\/www.walesnationalairshow.com\/cy\/wp-json\/wp\/v2\/pages\/25","targetHints":{"allow":["GET"]}}],"collection":[{"href":"https:\/\/www.walesnationalairshow.com\/cy\/wp-json\/wp\/v2\/pages"}],"about":[{"href":"https:\/\/www.walesnationalairshow.com\/cy\/wp-json\/wp\/v2\/types\/page"}],"author":[{"embeddable":true,"href":"https:\/\/www.walesnationalairshow.com\/cy\/wp-json\/wp\/v2\/users\/1"}],"replies":[{"embeddable":true,"href":"https:\/\/www.walesnationalairshow.com\/cy\/wp-json\/wp\/v2\/comments?post=25"}],"version-history":[{"count":30,"href":"https:\/\/www.walesnationalairshow.com\/cy\/wp-json\/wp\/v2\/pages\/25\/revisions"}],"predecessor-version":[{"id":11380,"href":"https:\/\/www.walesnationalairshow.com\/cy\/wp-json\/wp\/v2\/pages\/25\/revisions\/11380"}],"up":[{"embeddable":true,"href":"https:\/\/www.walesnationalairshow.com\/cy\/wp-json\/wp\/v2\/pages\/5827"}],"wp:attachment":[{"href":"https:\/\/www.walesnationalairshow.com\/cy\/wp-json\/wp\/v2\/media?parent=25"}],"curies":[{"name":"wp","href":"https:\/\/api.w.org\/{rel}","templated":true}]}}